{"id":1070,"date":"2020-11-05T17:12:44","date_gmt":"2020-11-05T22:12:44","guid":{"rendered":"http:\/\/foundhudsontrainingcenter.org\/?page_id=1070"},"modified":"2020-11-05T17:12:44","modified_gmt":"2020-11-05T22:12:44","slug":"programacion-de-plc-smart-relay","status":"publish","type":"page","link":"https:\/\/foundationhtc.ong\/do\/programacion-de-plc-smart-relay\/","title":{"rendered":"Programacion de PLC &#038; Smart Relay"},"content":{"rendered":"<ul>\n<li>\n\t\t\t\t\t<a href=\"https:\/\/api.whatsapp.com\/send\/?phone=2018958807&#038;text&#038;app_absent=0\" target=\"_blank\" rel=\"noopener\"><br \/>\n\t\t\t\t\t\t\t\t\t\t(201) 895-8807 Whatsapp<br \/>\n\t\t\t\t\t\t\t\t\t\t\t<\/a>\n\t\t\t\t\t\t\t\t\t<\/li>\n<\/ul>\n<ul>\n<li>\n\t\t\t\t\t\t\t\t\t\t(201) 223-2900 Oficina\n\t\t\t\t\t\t\t\t\t<\/li>\n<\/ul>\n<h2>Programaci\u00f3n de PLC &#038; Smart Relay<\/h2>\n<p>\t\t\t\t\t\t\t\t\t\t<img decoding=\"async\" width=\"1024\" height=\"700\" src=\"http:\/\/foundhudsontrainingcenter.org\/wp-content\/uploads\/2020\/11\/Photo-template-HTC-2020-09-1024x700.jpg\" alt=\"\" loading=\"lazy\" srcset=\"http:\/\/foundhudsontrainingcenter.org\/wp-content\/uploads\/2020\/11\/Photo-template-HTC-2020-09-1024x700.jpg 1024w, http:\/\/foundhudsontrainingcenter.org\/wp-content\/uploads\/2020\/11\/Photo-template-HTC-2020-09-600x410.jpg 600w, http:\/\/foundhudsontrainingcenter.org\/wp-content\/uploads\/2020\/11\/Photo-template-HTC-2020-09-300x205.jpg 300w, http:\/\/foundhudsontrainingcenter.org\/wp-content\/uploads\/2020\/11\/Photo-template-HTC-2020-09-768x525.jpg 768w, http:\/\/foundhudsontrainingcenter.org\/wp-content\/uploads\/2020\/11\/Photo-template-HTC-2020-09.jpg 1272w\" sizes=\"auto, (max-width: 1024px) 100vw, 1024px\" \/>\t\t\t\t\t\t\t\t\t\t\t<\/p>\n<h2>Programaci\u00f3n de PLC &#038; Smart Relay<\/h2>\n<ul>\n<li>\n\t\t\t\t\t\t\t\t\t\tCURSO INTENSIVO\u2029 TECNICO \/ PRACTICO <b>100% ESPA\u00d1OL<\/b>\n\t\t\t\t\t\t\t\t\t<\/li>\n<\/ul>\n<h3>\n\t\t\t\t\tDescripci\u00f3n del Curso<br \/>\n\t\t\t\t<\/h3>\n<p>\t\t<strong>(Residencial &amp; Comercial)<\/strong><br \/>\nEn este curso el estudiante aprender\u00e1s automatizar los procesos electromec\u00e1nicos, tales como el control de la maquinaria de la f\u00e1brica en l\u00edneas de montaje o atracciones mec\u00e1nicas.<\/p>\n<blockquote>\n<p><em>Para m\u00e1s informaci\u00f3n acerca del <b>contenido, herramientas, material did\u00e1ctico y m\u00e1s<\/b> sobre este curso no dudes en ponerse en contacto con nosotros, <b>estamos aqu\u00ed para servirte. <\/b>Nuestro prop\u00f3sito es ayudarte en este camino.<\/em><\/p>\n<\/blockquote>\n<p>\t\t\t<a href=\"tel:%20(201)%20895-8807\" role=\"button\"><br \/>\n\t\t\t\t\t\t (201) 895-8807<br \/>\n\t\t\t\t\t<\/a><br \/>\n\t\t\t<a href=\"#\" role=\"button\"><br \/>\n\t\t\t\t\t\tInscr\u00edbete a este curso!<br \/>\n\t\t\t\t\t<\/a><\/p>\n<h2>Vision General<\/h2>\n<ul>\n<li>\n\t\t\t\t\t\t\t\t\t\t<b>Duraci\u00f3n:<\/b> 8 Semanas\n\t\t\t\t\t\t\t\t\t<\/li>\n<li>\n\t\t\t\t\t\t\t\t\t\t<b>Costo Total:<\/b> $2,500\n\t\t\t\t\t\t\t\t\t<\/li>\n<li>\n\t\t\t\t\t\t\t\t\t\t<b>Inscripci\u00f3n:<\/b> $500\n\t\t\t\t\t\t\t\t\t<\/li>\n<li>\n\t\t\t\t\t\t\t\t\t\t<b>Plan de Pago:<\/b> $225 Semanal\n\t\t\t\t\t\t\t\t\t<\/li>\n<\/ul>\n<p>\t\t\t<a href=\"http:\/\/foundhudsontrainingcenter.org\/inscripcion\/\" role=\"button\"><br \/>\n\t\t\t\t\t\tInscr\u00edbete a este curso!<br \/>\n\t\t\t\t\t<\/a><br \/>\n\t\t\t<a href=\"#\" role=\"button\"><br \/>\n\t\t\t\t\t\tRealizar pagos Semanal\/Mensual<br \/>\n\t\t\t\t\t<\/a><br \/>\n\t\t\t\t\t\t\t\t\t\t<img decoding=\"async\" width=\"825\" height=\"637\" src=\"http:\/\/foundhudsontrainingcenter.org\/wp-content\/uploads\/2020\/11\/web-Certificate-Diploma-Hudson-Training-Center-2.png\" alt=\"web-Certificate - Diploma - Hudson Training Center-2\" loading=\"lazy\" srcset=\"http:\/\/foundhudsontrainingcenter.org\/wp-content\/uploads\/2020\/11\/web-Certificate-Diploma-Hudson-Training-Center-2.png 825w, http:\/\/foundhudsontrainingcenter.org\/wp-content\/uploads\/2020\/11\/web-Certificate-Diploma-Hudson-Training-Center-2-600x463.png 600w, http:\/\/foundhudsontrainingcenter.org\/wp-content\/uploads\/2020\/11\/web-Certificate-Diploma-Hudson-Training-Center-2-300x232.png 300w, http:\/\/foundhudsontrainingcenter.org\/wp-content\/uploads\/2020\/11\/web-Certificate-Diploma-Hudson-Training-Center-2-768x593.png 768w\" sizes=\"auto, (max-width: 825px) 100vw, 825px\" \/>\t\t\t\t\t\t\t\t\t\t\t<\/p>\n<blockquote><p>Te garantizamos que al finalizar este curso tendr\u00e1s conocimientos bastos para empezar a trabajar en esta \u00e1rea de la <strong>Programaci\u00f3n de PLC &#038; Smart Relay<\/strong>. <strong><i><u>Satisfacion 100% garantizado!!!<\/u><\/i><\/strong><\/p><\/blockquote>\n<p>\t\t\t<a href=\"tel:%20(201)%20895-8807\" role=\"button\"><br \/>\n\t\t\t\t\t\t (201) 895-8807<br \/>\n\t\t\t\t\t<\/a><\/p>\n","protected":false},"excerpt":{"rendered":"<p>(201) 895-8807 Whatsapp (201) 223-2900 Oficina Programaci\u00f3n de PLC &#038; Smart Relay Programaci\u00f3n de PLC &#038; Smart Relay CURSO INTENSIVO\u2029 TECNICO \/ PRACTICO 100% ESPA\u00d1OL Descripci\u00f3n del Curso (Residencial &amp; Comercial) En este curso el estudiante aprender\u00e1s automatizar los procesos electromec\u00e1nicos, tales como el control de la maquinaria de la f\u00e1brica en l\u00edneas de montaje [&#8230;]\n","protected":false},"author":1,"featured_media":0,"parent":0,"menu_order":0,"comment_status":"closed","ping_status":"closed","template":"","meta":{"footnotes":""},"class_list":["post-1070","page","type-page","status-publish","hentry"],"_links":{"self":[{"href":"https:\/\/foundationhtc.ong\/do\/wp-json\/wp\/v2\/pages\/1070","targetHints":{"allow":["GET"]}}],"collection":[{"href":"https:\/\/foundationhtc.ong\/do\/wp-json\/wp\/v2\/pages"}],"about":[{"href":"https:\/\/foundationhtc.ong\/do\/wp-json\/wp\/v2\/types\/page"}],"author":[{"embeddable":true,"href":"https:\/\/foundationhtc.ong\/do\/wp-json\/wp\/v2\/users\/1"}],"replies":[{"embeddable":true,"href":"https:\/\/foundationhtc.ong\/do\/wp-json\/wp\/v2\/comments?post=1070"}],"version-history":[{"count":0,"href":"https:\/\/foundationhtc.ong\/do\/wp-json\/wp\/v2\/pages\/1070\/revisions"}],"wp:attachment":[{"href":"https:\/\/foundationhtc.ong\/do\/wp-json\/wp\/v2\/media?parent=1070"}],"curies":[{"name":"wp","href":"https:\/\/api.w.org\/{rel}","templated":true}]}}