{"id":1550,"date":"2020-11-09T09:08:51","date_gmt":"2020-11-09T14:08:51","guid":{"rendered":"http:\/\/foundhudsontrainingcenter.org\/?page_id=1550"},"modified":"2020-11-09T09:08:51","modified_gmt":"2020-11-09T14:08:51","slug":"osha-30-horas","status":"publish","type":"page","link":"https:\/\/foundationhtc.ong\/do\/osha-30-horas\/","title":{"rendered":"OSHA 30 Horas"},"content":{"rendered":"<ul>\n<li>\n\t\t\t\t\t<a href=\"https:\/\/api.whatsapp.com\/send\/?phone=2018958807&#038;text&#038;app_absent=0\" target=\"_blank\" rel=\"noopener\"><br \/>\n\t\t\t\t\t\t\t\t\t\t(201) 895-8807 Whatsapp<br \/>\n\t\t\t\t\t\t\t\t\t\t\t<\/a>\n\t\t\t\t\t\t\t\t\t<\/li>\n<\/ul>\n<ul>\n<li>\n\t\t\t\t\t\t\t\t\t\t(201) 223-2900 Oficina\n\t\t\t\t\t\t\t\t\t<\/li>\n<\/ul>\n<h2>OSHA 30 Horas<\/h2>\n<p>\t\t\t\t\t\t\t\t\t\t<img decoding=\"async\" width=\"1024\" height=\"600\" src=\"http:\/\/foundhudsontrainingcenter.org\/wp-content\/uploads\/2020\/11\/OSHA-hudson-training-center.jpg\" alt=\"OSHA-hudson-training-center\" loading=\"lazy\" srcset=\"http:\/\/foundhudsontrainingcenter.org\/wp-content\/uploads\/2020\/11\/OSHA-hudson-training-center.jpg 1024w, http:\/\/foundhudsontrainingcenter.org\/wp-content\/uploads\/2020\/11\/OSHA-hudson-training-center-600x352.jpg 600w, http:\/\/foundhudsontrainingcenter.org\/wp-content\/uploads\/2020\/11\/OSHA-hudson-training-center-300x176.jpg 300w, http:\/\/foundhudsontrainingcenter.org\/wp-content\/uploads\/2020\/11\/OSHA-hudson-training-center-768x450.jpg 768w\" sizes=\"auto, (max-width: 1024px) 100vw, 1024px\" \/>\t\t\t\t\t\t\t\t\t\t\t<\/p>\n<h2>OSHA 30 Horas<\/h2>\n<ul>\n<li>\n\t\t\t\t\t\t\t\t\t\tCURSO INTENSIVO\u2029 <b>100% ESPA\u00d1OL<\/b>\n\t\t\t\t\t\t\t\t\t<\/li>\n<\/ul>\n<h3>\n\t\t\t\t\tDescripci\u00f3n del Curso<br \/>\n\t\t\t\t<\/h3>\n<p>\t\tEl Programa de Capacitaci\u00f3n de Extensi\u00f3n de OSHA brinda capacitaci\u00f3n a trabajadores y empleadores sobre el reconocimiento, la evitaci\u00f3n, la mitigaci\u00f3n y la prevenci\u00f3n de riesgos para la seguridad y la salud en los lugares de trabajo.<\/p>\n<blockquote>\n<p><em>Para m\u00e1s informaci\u00f3n acerca del <b>contenido, herramientas, material did\u00e1ctico y m\u00e1s<\/b> sobre este curso no dudes en ponerse en contacto con nosotros, <b>estamos aqu\u00ed para servirte. <\/b>Nuestro prop\u00f3sito es ayudarte en este camino.<\/em><\/p>\n<\/blockquote>\n<p>\t\t\t<a href=\"tel:%20(201)%20895-8807\" role=\"button\"><br \/>\n\t\t\t\t\t\t (201) 895-8807<br \/>\n\t\t\t\t\t<\/a><br \/>\n\t\t\t<a href=\"#\" role=\"button\"><br \/>\n\t\t\t\t\t\tInscr\u00edbete a este curso!<br \/>\n\t\t\t\t\t<\/a><\/p>\n<h2>Vision General<\/h2>\n<ul>\n<li>\n\t\t\t\t\t\t\t\t\t\t<b>Duraci\u00f3n:<\/b> 30 Horas\n\t\t\t\t\t\t\t\t\t<\/li>\n<li>\n\t\t\t\t\t\t\t\t\t\t<b>Costo Total:<\/b> $400\n\t\t\t\t\t\t\t\t\t<\/li>\n<\/ul>\n<p>\t\t\t<a href=\"#\" role=\"button\"><br \/>\n\t\t\t\t\t\tInscr\u00edbete a este curso!<br \/>\n\t\t\t\t\t<\/a><br \/>\n\t\t\t\t\t\t\t\t\t\t<img decoding=\"async\" width=\"1024\" height=\"600\" src=\"http:\/\/foundhudsontrainingcenter.org\/wp-content\/uploads\/2020\/11\/OSHA-hudson-training-center.jpg\" alt=\"OSHA-hudson-training-center\" loading=\"lazy\" srcset=\"http:\/\/foundhudsontrainingcenter.org\/wp-content\/uploads\/2020\/11\/OSHA-hudson-training-center.jpg 1024w, http:\/\/foundhudsontrainingcenter.org\/wp-content\/uploads\/2020\/11\/OSHA-hudson-training-center-600x352.jpg 600w, http:\/\/foundhudsontrainingcenter.org\/wp-content\/uploads\/2020\/11\/OSHA-hudson-training-center-300x176.jpg 300w, http:\/\/foundhudsontrainingcenter.org\/wp-content\/uploads\/2020\/11\/OSHA-hudson-training-center-768x450.jpg 768w\" sizes=\"auto, (max-width: 1024px) 100vw, 1024px\" \/>\t\t\t\t\t\t\t\t\t\t\t<\/p>\n<blockquote><p>Te garantizamos que al finalizar este curso tendr\u00e1s conocimientos necesarios para esta certificaci\u00f3n de <strong>OSHA<\/strong>. <strong><i><u>Satisfacion 100% garantizado!!!<\/u><\/i><\/strong><\/p><\/blockquote>\n<p>\t\t\t<a href=\"tel:%20(201)%20895-8807\" role=\"button\"><br \/>\n\t\t\t\t\t\t (201) 895-8807<br \/>\n\t\t\t\t\t<\/a><\/p>\n","protected":false},"excerpt":{"rendered":"<p>(201) 895-8807 Whatsapp (201) 223-2900 Oficina OSHA 30 Horas OSHA 30 Horas CURSO INTENSIVO\u2029 100% ESPA\u00d1OL Descripci\u00f3n del Curso El Programa de Capacitaci\u00f3n de Extensi\u00f3n de OSHA brinda capacitaci\u00f3n a trabajadores y empleadores sobre el reconocimiento, la evitaci\u00f3n, la mitigaci\u00f3n y la prevenci\u00f3n de riesgos para la seguridad y la salud en los lugares de [&#8230;]\n","protected":false},"author":1,"featured_media":0,"parent":0,"menu_order":0,"comment_status":"closed","ping_status":"closed","template":"","meta":{"footnotes":""},"class_list":["post-1550","page","type-page","status-publish","hentry"],"_links":{"self":[{"href":"https:\/\/foundationhtc.ong\/do\/wp-json\/wp\/v2\/pages\/1550","targetHints":{"allow":["GET"]}}],"collection":[{"href":"https:\/\/foundationhtc.ong\/do\/wp-json\/wp\/v2\/pages"}],"about":[{"href":"https:\/\/foundationhtc.ong\/do\/wp-json\/wp\/v2\/types\/page"}],"author":[{"embeddable":true,"href":"https:\/\/foundationhtc.ong\/do\/wp-json\/wp\/v2\/users\/1"}],"replies":[{"embeddable":true,"href":"https:\/\/foundationhtc.ong\/do\/wp-json\/wp\/v2\/comments?post=1550"}],"version-history":[{"count":0,"href":"https:\/\/foundationhtc.ong\/do\/wp-json\/wp\/v2\/pages\/1550\/revisions"}],"wp:attachment":[{"href":"https:\/\/foundationhtc.ong\/do\/wp-json\/wp\/v2\/media?parent=1550"}],"curies":[{"name":"wp","href":"https:\/\/api.w.org\/{rel}","templated":true}]}}