{"id":3750,"date":"2021-05-17T12:05:19","date_gmt":"2021-05-17T16:05:19","guid":{"rendered":"http:\/\/foundhudsontrainingcenter.org\/?page_id=3750"},"modified":"2025-02-09T19:02:21","modified_gmt":"2025-02-09T19:02:21","slug":"us","status":"publish","type":"page","link":"https:\/\/foundationhtc.ong\/do\/","title":{"rendered":"Inicio"},"content":{"rendered":"<div class=\"slider-wrapper relative\" id=\"slider-1520844418\" >\n    <div class=\"slider slider-nav-dots-dashes slider-nav-circle slider-nav-large slider-nav-light slider-style-normal slider-show-nav\"\n        data-flickity-options='{\n            \"cellAlign\": \"center\",\n            \"imagesLoaded\": true,\n            \"lazyLoad\": 1,\n            \"freeScroll\": false,\n            \"wrapAround\": true,\n            \"autoPlay\": 3500,\n            \"pauseAutoPlayOnHover\" : false,\n            \"prevNextButtons\": true,\n            \"contain\" : true,\n            \"adaptiveHeight\" : true,\n            \"dragThreshold\" : 10,\n            \"percentPosition\": true,\n            \"pageDots\": true,\n            \"rightToLeft\": false,\n            \"draggable\": true,\n            \"selectedAttraction\": 0.1,\n            \"parallax\" : 0,\n            \"friction\": 0.6        }'\n        >\n        \n\n  <div class=\"banner has-hover has-slide-effect slide-zoom-in has-parallax\" id=\"banner-2052262581\">\n          <div class=\"banner-inner fill\">\n        <div class=\"banner-bg fill\" data-parallax=\"-5\" data-parallax-container=\".banner\" data-parallax-background>\n            <img loading=\"lazy\" decoding=\"async\" width=\"1600\" height=\"1066\" src=\"https:\/\/foundationhtc.ong\/do\/wp-content\/uploads\/2024\/12\/2150059019-1.jpg\" class=\"bg attachment-original size-original\" alt=\"\" \/>                                    \n                    <\/div>\n\t\t\n        <div class=\"banner-layers container\">\n            <div class=\"fill banner-link\"><\/div>            \n   <div id=\"text-box-223219682\" class=\"text-box banner-layer x5 md-x5 lg-x0 y10 md-y10 lg-y25 res-text\">\n                     <div data-animate=\"fadeInLeft\">           <div class=\"text-box-content text dark\">\n              \n              <div class=\"text-inner text-left\">\n                  \n\t<div id=\"text-2550480400\" class=\"text\">\n\t\t\n<p class=\"no-margin\">En <strong>Found Hudson Training Center<\/strong>, hacemos realidad tus sue\u00f1os.<\/p>\n\t\t\n<style>\n#text-2550480400 {\n  font-size: 2.3rem;\n  line-height: 1.05;\n  text-align: left;\n}\n@media (min-width:550px) {\n  #text-2550480400 {\n    font-size: 2.95rem;\n    line-height: 1;\n    text-align: left;\n  }\n}\n<\/style>\n\t<\/div>\n\t\n<a class=\"button secondary is-large\"  style=\"border-radius:99px;\">\n\t\t<span>Empieza aqu\u00ed<\/span>\n\t<i class=\"icon-angle-right\" aria-hidden=\"true\" ><\/i><\/a>\n\n              <\/div>\n           <\/div>\n       <\/div>                     \n<style>\n#text-box-223219682 {\n  width: 55%;\n}\n#text-box-223219682 .text-box-content {\n  font-size: 100%;\n}\n@media (min-width:550px) {\n  #text-box-223219682 {\n    width: 54%;\n  }\n}\n@media (min-width:850px) {\n  #text-box-223219682 {\n    width: 41%;\n  }\n}\n<\/style>\n    <\/div>\n \n        <\/div>\n      <\/div>\n\n            \n<style>\n#banner-2052262581 {\n  padding-top: 500px;\n}\n#banner-2052262581 .banner-bg img {\n  object-position: 59% 40%;\n}\n@media (min-width:550px) {\n  #banner-2052262581 {\n    padding-top: 600px;\n  }\n}\n<\/style>\n  <\/div>\n\n\n\n  <div class=\"banner has-hover has-slide-effect slide-zoom-in has-parallax\" id=\"banner-821943564\">\n          <div class=\"banner-inner fill\">\n        <div class=\"banner-bg fill\" data-parallax=\"-5\" data-parallax-container=\".banner\" data-parallax-background>\n            <img loading=\"lazy\" decoding=\"async\" width=\"1600\" height=\"1067\" src=\"https:\/\/foundationhtc.ong\/do\/wp-content\/uploads\/2025\/01\/teacher-talking-students-college-class-scaled-1.jpg\" class=\"bg attachment-original size-original\" alt=\"\" \/>                                    \n                    <\/div>\n\t\t\n        <div class=\"banner-layers container\">\n            <div class=\"fill banner-link\"><\/div>            \n   <div id=\"text-box-1024434121\" class=\"text-box banner-layer x5 md-x5 lg-x0 y10 md-y10 lg-y25 res-text\">\n                     <div data-animate=\"fadeInLeft\">           <div class=\"text-box-content text dark\">\n              \n              <div class=\"text-inner text-left\">\n                  \n\t<div id=\"text-2847661863\" class=\"text\">\n\t\t\n<p class=\"no-margin\">At <strong>Found Hudson Training Center<\/strong>, we turn your dreams into reality.<\/p>\n\t\t\n<style>\n#text-2847661863 {\n  font-size: 2.3rem;\n  line-height: 1.05;\n  text-align: left;\n}\n@media (min-width:550px) {\n  #text-2847661863 {\n    font-size: 2.95rem;\n    line-height: 1;\n    text-align: left;\n  }\n}\n<\/style>\n\t<\/div>\n\t\n<a class=\"button secondary is-large\"  style=\"border-radius:99px;\">\n\t\t<span>Start here....<\/span>\n\t<i class=\"icon-angle-right\" aria-hidden=\"true\" ><\/i><\/a>\n\n              <\/div>\n           <\/div>\n       <\/div>                     \n<style>\n#text-box-1024434121 {\n  width: 55%;\n}\n#text-box-1024434121 .text-box-content {\n  font-size: 100%;\n}\n@media (min-width:550px) {\n  #text-box-1024434121 {\n    width: 54%;\n  }\n}\n@media (min-width:850px) {\n  #text-box-1024434121 {\n    width: 41%;\n  }\n}\n<\/style>\n    <\/div>\n \n        <\/div>\n      <\/div>\n\n            \n<style>\n#banner-821943564 {\n  padding-top: 500px;\n}\n#banner-821943564 .banner-bg img {\n  object-position: 59% 40%;\n}\n@media (min-width:550px) {\n  #banner-821943564 {\n    padding-top: 600px;\n  }\n}\n<\/style>\n  <\/div>\n\n\n     <\/div>\n\n     <div class=\"loading-spin dark large centered\"><\/div>\n\n\t<\/div>\n\n\n\n\t<section class=\"section\" id=\"section_1221395382\">\n\t\t<div class=\"section-bg fill\" >\n\t\t\t\t\t\t\t\t\t\n\t\t\t\n\n\t\t<\/div>\n\n\t\t\n\n\t\t<div class=\"section-content relative\">\n\t\t\t\n<div class=\"row row-collapse align-center\"  id=\"row-353035712\">\n\n\t<div id=\"col-1416744307\" class=\"col medium-11 small-9 large-11\"  data-animate=\"fadeInUp\">\n\t\t\t\t<div class=\"col-inner text-center\"  >\n\t\t\t\n\t\t\t\n\t<div id=\"text-1477866868\" class=\"text\">\n\t\t\n<p>Empod\u00e9rate en <strong>Found Hudson Training Center<\/strong>, donde juntos crecemos y potenciamos tu futuro. \u00a1\u00danete a nuestra misi\u00f3n de transformaci\u00f3n y desarrollo personal!<\/p>\n\t\t\n<style>\n#text-1477866868 {\n  font-size: 1.3rem;\n  line-height: 1.25;\n  color: #00139b;\n}\n#text-1477866868 > * {\n  color: #00139b;\n}\n@media (min-width:550px) {\n  #text-1477866868 {\n    font-size: 1.75rem;\n    line-height: 1.2;\n  }\n}\n@media (min-width:850px) {\n  #text-1477866868 {\n    font-size: 1.95rem;\n  }\n}\n<\/style>\n\t<\/div>\n\t\n\t\t<\/div>\n\t\t\t\t\t<\/div>\n\n\t\n<\/div>\n\t\t<\/div>\n\n\t\t\n<style>\n#section_1221395382 {\n  padding-top: 60px;\n  padding-bottom: 60px;\n  min-height: 300px;\n}\n<\/style>\n\t<\/section>\n\t\n\n\t<section class=\"section dark\" id=\"section_227210059\">\n\t\t<div class=\"section-bg fill\" >\n\t\t\t\t\t\t\t\t\t\n\t\t\t\n\n\t\t<\/div>\n\n\t\t\n\n\t\t<div class=\"section-content relative\">\n\t\t\t\n<div class=\"row row-collapse align-bottom align-center\" style=\"max-width:\" id=\"row-1183091789\">\n\n\t<div id=\"col-1840858857\" class=\"col medium-10 small-12 large-10\"  data-animate=\"fadeInDown\">\n\t\t\t\t<div class=\"col-inner text-center\"  >\n\t\t\t\n\t\t\t\n\t<div id=\"text-108960731\" class=\"text\">\n\t\t\n<h1 class=\"no-margin\" style=\"line-height: 1;\">\u00bfPor qu\u00e9 elegir Found Hudson Training Center?<\/h1>\n\t\t\n<style>\n#text-108960731 {\n  font-size: 1.55rem;\n  color: rgb(255,255,255);\n}\n#text-108960731 > * {\n  color: rgb(255,255,255);\n}\n@media (min-width:550px) {\n  #text-108960731 {\n    font-size: 2.35rem;\n  }\n}\n@media (min-width:850px) {\n  #text-108960731 {\n    font-size: 2.95rem;\n  }\n}\n<\/style>\n\t<\/div>\n\t\n\t\t<\/div>\n\t\t\t\t\t<\/div>\n\n\t\n<\/div>\n\t\t<\/div>\n\n\t\t\n<style>\n#section_227210059 {\n  padding-top: 35px;\n  padding-bottom: 35px;\n  min-height: 0px;\n  background-color: #ff008f;\n}\n<\/style>\n\t<\/section>\n\t\n\n\t<section class=\"section dark\" id=\"section_1484751651\">\n\t\t<div class=\"section-bg fill\" >\n\t\t\t\t\t\t\t\t\t\n\t\t\t\n\n\t\t<\/div>\n\n\t\t\n\n\t\t<div class=\"section-content relative\">\n\t\t\t\n<div class=\"row row-collapse align-bottom align-center\" style=\"max-width:\" id=\"row-1130347939\">\n\n\t<div id=\"col-597169003\" class=\"col small-12 large-12\"  >\n\t\t\t\t<div class=\"col-inner\"  >\n\t\t\t\n\t\t\t\n<div class=\"row align-center row-divided\"  id=\"row-1265289629\">\n\n\t<div id=\"col-886615065\" class=\"col medium-3 small-11 large-3\"  data-animate=\"fadeInLeft\">\n\t\t\t\t<div class=\"col-inner text-center\"  >\n\t\t\t\n\t\t\t\n\t<div id=\"text-3984352494\" class=\"text\">\n\t\t\n<h1 class=\"no-margin\">+3,800<\/h1>\n<p class=\"no-margin\">Estudiantes<\/p>\n\t\t\n<style>\n#text-3984352494 {\n  font-size: 2rem;\n  line-height: 1;\n}\n<\/style>\n\t<\/div>\n\t\n\t\t<\/div>\n\t\t\t\t\t<\/div>\n\n\t\n\n\t<div id=\"col-591998783\" class=\"col medium-3 small-11 large-3\"  data-animate=\"fadeInLeft\">\n\t\t\t\t<div class=\"col-inner text-center\"  >\n\t\t\t\n\t\t\t\n\t<div id=\"text-4199325877\" class=\"text\">\n\t\t\n<h1 class=\"no-margin\">+10<\/h1>\n<p class=\"no-margin\">Instructores<\/p>\n\t\t\n<style>\n#text-4199325877 {\n  font-size: 2rem;\n  line-height: 1;\n}\n<\/style>\n\t<\/div>\n\t\n\t\t<\/div>\n\t\t\t\t\t<\/div>\n\n\t\n\n\t<div id=\"col-803231785\" class=\"col medium-3 small-11 large-3\"  data-animate=\"fadeInLeft\">\n\t\t\t\t<div class=\"col-inner text-center\"  >\n\t\t\t\n\t\t\t\n\t<div id=\"text-118663003\" class=\"text\">\n\t\t\n<h1 class=\"no-margin\">+12<\/h1>\n<p class=\"no-margin\">Cursos<\/p>\n\t\t\n<style>\n#text-118663003 {\n  font-size: 2rem;\n  line-height: 1;\n}\n<\/style>\n\t<\/div>\n\t\n\t\t<\/div>\n\t\t\t\t\t<\/div>\n\n\t\n\n\t<div id=\"col-90595806\" class=\"col medium-3 small-11 large-3\"  data-animate=\"fadeInLeft\">\n\t\t\t\t<div class=\"col-inner text-center\"  >\n\t\t\t\n\t\t\t\n\t<div id=\"text-1159469886\" class=\"text\">\n\t\t\n<h1 class=\"no-margin\">+10<\/h1>\n<p class=\"no-margin\">Colaboradores<\/p>\n\t\t\n<style>\n#text-1159469886 {\n  font-size: 2rem;\n  line-height: 1;\n}\n<\/style>\n\t<\/div>\n\t\n\t\t<\/div>\n\t\t\t\t\t<\/div>\n\n\t\n<\/div>\n\t\t<\/div>\n\t\t\t\t\t<\/div>\n\n\t\n<\/div>\n\t\t<\/div>\n\n\t\t\n<style>\n#section_1484751651 {\n  padding-top: 35px;\n  padding-bottom: 35px;\n  min-height: 0px;\n  background-color: #00139b;\n}\n<\/style>\n\t<\/section>\n\t\n\n\t<section class=\"section\" id=\"section_739241909\">\n\t\t<div class=\"section-bg fill\" >\n\t\t\t\t\t\t\t\t\t\n\t\t\t\n\n\t\t<\/div>\n\n\t\t\n\n\t\t<div class=\"section-content relative\">\n\t\t\t\n<div class=\"row align-equal align-center row-box-shadow-5-hover\"  id=\"row-1438619985\">\n\n\t<div id=\"col-899845285\" class=\"col medium-6 small-12 large-3\"  data-animate=\"fadeInRight\">\n\t\t\t\t<div class=\"col-inner text-center dark\" style=\"background-color:#00139b;\" >\n\t\t\t\n\t\t\t\n<h1>Cursos Gratuitos<\/h1>\n\n  <div class=\"banner has-hover border-radius-banner\" id=\"banner-2116580461\">\n          <div class=\"banner-inner fill\">\n        <div class=\"banner-bg fill\" >\n            <img loading=\"lazy\" decoding=\"async\" width=\"768\" height=\"1024\" src=\"https:\/\/foundationhtc.ong\/do\/wp-content\/uploads\/2025\/01\/WhatsApp-Image-2025-01-17-at-12.57.31-AM-2-768x1024.jpeg\" class=\"bg attachment-large size-large\" alt=\"\" \/>                                    \n                    <\/div>\n\t\t\n        <div class=\"banner-layers container\">\n            <div class=\"fill banner-link\"><\/div>            \n   <div id=\"text-box-712465266\" class=\"text-box banner-layer x50 md-x50 lg-x50 y50 md-y50 lg-y50 res-text\">\n                                <div class=\"text-box-content text dark\">\n              \n              <div class=\"text-inner text-center\">\n                  \n              <\/div>\n           <\/div>\n                            \n<style>\n#text-box-712465266 {\n  width: 60%;\n}\n#text-box-712465266 .text-box-content {\n  font-size: 100%;\n}\n@media (min-width:550px) {\n  #text-box-712465266 {\n    width: 60%;\n  }\n}\n<\/style>\n    <\/div>\n \n        <\/div>\n      <\/div>\n\n            \n<style>\n#banner-2116580461 {\n  padding-top: 150px;\n}\n#banner-2116580461 .banner-bg img {\n  object-position: 62% 64%;\n}\n<\/style>\n  <\/div>\n\n\n\t<div id=\"text-4269309367\" class=\"text\">\n\t\t\n<hr \/>\n<p>Nuestros cursos gratuitos est\u00e1n dise\u00f1ados para brindar educaci\u00f3n accesible para todos. Ya sea que busques aprender nuevas habilidades o mejorar las que ya tienes, nuestros cursos ofrecen una amplia variedad de temas, impartidos por instructores experimentados.<\/p>\n\t\t\n<style>\n#text-4269309367 {\n  line-height: 1;\n}\n<\/style>\n\t<\/div>\n\t\n\t<div id=\"gap-931909641\" class=\"gap-element clearfix\" style=\"display:block; height:auto;\">\n\t\t\n<style>\n#gap-931909641 {\n  padding-top: 0px;\n}\n@media (min-width:550px) {\n  #gap-931909641 {\n    padding-top: 10px;\n  }\n}\n<\/style>\n\t<\/div>\n\t\n<a href=\"\/do\/cursos\" class=\"button secondary\"  style=\"border-radius:99px;\">\n\t\t<span>Ver cursos<\/span>\n\t<i class=\"icon-angle-right\" aria-hidden=\"true\" ><\/i><\/a>\n\n\t\t<\/div>\n\t\t\t\t\n<style>\n#col-899845285 > .col-inner {\n  padding: 25px 25px 25px 25px;\n  border-radius: 30px;\n}\n<\/style>\n\t<\/div>\n\n\t\n\n\t<div id=\"col-943142230\" class=\"col medium-6 small-12 large-3\"  data-animate=\"fadeInRight\">\n\t\t\t\t<div class=\"col-inner text-center\" style=\"background-color:rgb(255,255,255);\" >\n\t\t\t\n\t\t\t\n<h1>Empleos<\/h1>\n\n  <div class=\"banner has-hover border-radius-banner\" id=\"banner-124459942\">\n          <div class=\"banner-inner fill\">\n        <div class=\"banner-bg fill\" >\n            <img loading=\"lazy\" decoding=\"async\" width=\"1020\" height=\"680\" src=\"https:\/\/foundationhtc.ong\/do\/wp-content\/uploads\/2024\/12\/2150470870-1-1024x683.jpg\" class=\"bg attachment-large size-large\" alt=\"\" \/>                                    \n                    <\/div>\n\t\t\n        <div class=\"banner-layers container\">\n            <div class=\"fill banner-link\"><\/div>            \n   <div id=\"text-box-1430714844\" class=\"text-box banner-layer x50 md-x50 lg-x50 y50 md-y50 lg-y50 res-text\">\n                                <div class=\"text-box-content text dark\">\n              \n              <div class=\"text-inner text-center\">\n                  \n              <\/div>\n           <\/div>\n                            \n<style>\n#text-box-1430714844 {\n  width: 60%;\n}\n#text-box-1430714844 .text-box-content {\n  font-size: 100%;\n}\n@media (min-width:550px) {\n  #text-box-1430714844 {\n    width: 60%;\n  }\n}\n<\/style>\n    <\/div>\n \n        <\/div>\n      <\/div>\n\n            \n<style>\n#banner-124459942 {\n  padding-top: 150px;\n}\n<\/style>\n  <\/div>\n\n\n\t<div id=\"text-1899972640\" class=\"text\">\n\t\t\n<hr \/>\n<p>\u00a1\u00danete a nuestro equipo y marca la diferencia! Siempre estamos en busca de personas apasionadas que quieran aportar sus habilidades y experiencia. Explora oportunidades de carrera y s\u00e9 parte de nuestra organizaci\u00f3n en crecimiento.<\/p>\n\t\t\n<style>\n#text-1899972640 {\n  line-height: 1;\n}\n<\/style>\n\t<\/div>\n\t\n\t<div id=\"gap-508968078\" class=\"gap-element clearfix\" style=\"display:block; height:auto;\">\n\t\t\n<style>\n#gap-508968078 {\n  padding-top: 0px;\n}\n@media (min-width:550px) {\n  #gap-508968078 {\n    padding-top: 50px;\n  }\n}\n<\/style>\n\t<\/div>\n\t\n<a href=\"\/do\/empleos\" class=\"button secondary\"  style=\"border-radius:99px;\">\n\t\t<span>Enviar solicitud<\/span>\n\t<i class=\"icon-angle-right\" aria-hidden=\"true\" ><\/i><\/a>\n\n\t\t<\/div>\n\t\t\t\t\n<style>\n#col-943142230 > .col-inner {\n  padding: 25px 25px 25px 25px;\n  border-radius: 30px;\n}\n<\/style>\n\t<\/div>\n\n\t\n\n\t<div id=\"col-566511406\" class=\"col medium-6 small-12 large-3\"  data-animate=\"fadeInRight\">\n\t\t\t\t<div class=\"col-inner text-center\" style=\"background-color:rgb(255,255,255);\" >\n\t\t\t\n\t\t\t\n<h1>Donaciones<\/h1>\n\n  <div class=\"banner has-hover border-radius-banner\" id=\"banner-1393436848\">\n          <div class=\"banner-inner fill\">\n        <div class=\"banner-bg fill\" >\n            <img loading=\"lazy\" decoding=\"async\" width=\"683\" height=\"1024\" src=\"https:\/\/foundationhtc.ong\/do\/wp-content\/uploads\/2024\/12\/2149176196-1-683x1024.jpg\" class=\"bg attachment-large size-large\" alt=\"\" \/>                                    \n                    <\/div>\n\t\t\n        <div class=\"banner-layers container\">\n            <div class=\"fill banner-link\"><\/div>            \n   <div id=\"text-box-1144279234\" class=\"text-box banner-layer x50 md-x50 lg-x50 y50 md-y50 lg-y50 res-text\">\n                                <div class=\"text-box-content text dark\">\n              \n              <div class=\"text-inner text-center\">\n                  \n              <\/div>\n           <\/div>\n                            \n<style>\n#text-box-1144279234 {\n  width: 60%;\n}\n#text-box-1144279234 .text-box-content {\n  font-size: 100%;\n}\n@media (min-width:550px) {\n  #text-box-1144279234 {\n    width: 60%;\n  }\n}\n<\/style>\n    <\/div>\n \n        <\/div>\n      <\/div>\n\n            \n<style>\n#banner-1393436848 {\n  padding-top: 150px;\n}\n#banner-1393436848 .banner-bg img {\n  object-position: 3% 23%;\n}\n<\/style>\n  <\/div>\n\n\n\t<div id=\"text-1205038938\" class=\"text\">\n\t\t\n<hr \/>\n<p>Tu donaci\u00f3n nos ayuda a seguir brindando recursos valiosos y educaci\u00f3n a quienes m\u00e1s lo necesitan. Cada contribuci\u00f3n, sin importar su tama\u00f1o, deja un impacto duradero. Ay\u00fadanos a empoderar a personas y comunidades en todo el mundo.<\/p>\n\t\t\n<style>\n#text-1205038938 {\n  line-height: 1;\n}\n<\/style>\n\t<\/div>\n\t\n\t<div id=\"gap-133189157\" class=\"gap-element clearfix\" style=\"display:block; height:auto;\">\n\t\t\n<style>\n#gap-133189157 {\n  padding-top: 0px;\n}\n@media (min-width:550px) {\n  #gap-133189157 {\n    padding-top: 50px;\n  }\n}\n<\/style>\n\t<\/div>\n\t\n<a class=\"button secondary\"  style=\"border-radius:99px;\">\n\t\t<span>See more<\/span>\n\t<i class=\"icon-angle-right\" aria-hidden=\"true\" ><\/i><\/a>\n\n\t\t<\/div>\n\t\t\t\t\n<style>\n#col-566511406 > .col-inner {\n  padding: 25px 25px 25px 25px;\n  border-radius: 30px;\n}\n<\/style>\n\t<\/div>\n\n\t\n\n\t<div id=\"col-456856494\" class=\"col medium-6 small-12 large-3\"  data-animate=\"fadeInRight\">\n\t\t\t\t<div class=\"col-inner text-center\" style=\"background-color:rgb(255,255,255);\" >\n\t\t\t\n\t\t\t\n<h1>Test Vocacional<\/h1>\n\n  <div class=\"banner has-hover border-radius-banner\" id=\"banner-1276633051\">\n          <div class=\"banner-inner fill\">\n        <div class=\"banner-bg fill\" >\n            <img loading=\"lazy\" decoding=\"async\" width=\"1020\" height=\"680\" src=\"https:\/\/foundationhtc.ong\/do\/wp-content\/uploads\/2025\/01\/side-view-accountants-hands-doing-paperwork-cork-desktop-laptop-keyboard-scaled-1-1024x683.jpg\" class=\"bg attachment-large size-large\" alt=\"\" \/>                                    \n                    <\/div>\n\t\t\n        <div class=\"banner-layers container\">\n            <div class=\"fill banner-link\"><\/div>            \n   <div id=\"text-box-373682981\" class=\"text-box banner-layer x50 md-x50 lg-x50 y50 md-y50 lg-y50 res-text\">\n                                <div class=\"text-box-content text dark\">\n              \n              <div class=\"text-inner text-center\">\n                  \n              <\/div>\n           <\/div>\n                            \n<style>\n#text-box-373682981 {\n  width: 60%;\n}\n#text-box-373682981 .text-box-content {\n  font-size: 100%;\n}\n@media (min-width:550px) {\n  #text-box-373682981 {\n    width: 60%;\n  }\n}\n<\/style>\n    <\/div>\n \n        <\/div>\n      <\/div>\n\n            \n<style>\n#banner-1276633051 {\n  padding-top: 150px;\n}\n<\/style>\n  <\/div>\n\n\n\t<div id=\"text-3568650300\" class=\"text\">\n\t\t\n<hr \/>\n<p>Descubre tu potencial profesional con nuestros tests vocacionales. Obt\u00e9n informaci\u00f3n sobre tus habilidades e intereses para orientarte hacia una carrera satisfactoria. \u00a1Da el primer paso hoy mismo!<\/p>\n\t\t\n<style>\n#text-3568650300 {\n  line-height: 1;\n}\n<\/style>\n\t<\/div>\n\t\n\t<div id=\"gap-818879178\" class=\"gap-element clearfix\" style=\"display:block; height:auto;\">\n\t\t\n<style>\n#gap-818879178 {\n  padding-top: 0px;\n}\n@media (min-width:550px) {\n  #gap-818879178 {\n    padding-top: 80px;\n  }\n}\n<\/style>\n\t<\/div>\n\t\n<a class=\"button secondary\"  style=\"border-radius:99px;\">\n\t\t<span>See more<\/span>\n\t<i class=\"icon-angle-right\" aria-hidden=\"true\" ><\/i><\/a>\n\n\t\t<\/div>\n\t\t\t\t\n<style>\n#col-456856494 > .col-inner {\n  padding: 25px 25px 25px 25px;\n  border-radius: 30px;\n}\n<\/style>\n\t<\/div>\n\n\t\n<\/div>\n\t\t<\/div>\n\n\t\t\n<style>\n#section_739241909 {\n  padding-top: 60px;\n  padding-bottom: 60px;\n  min-height: 300px;\n  background-color: rgb(245, 245, 245);\n}\n<\/style>\n\t<\/section>\n\t\n\n\t<section class=\"section\" id=\"section_1609956773\">\n\t\t<div class=\"section-bg fill\" >\n\t\t\t\t\t\t\t\t\t<div class=\"section-bg-overlay absolute fill\"><\/div>\n\t\t\t\n\n\t\t<\/div>\n\n\t\t\n\n\t\t<div class=\"section-content relative\">\n\t\t\t\n<div class=\"row align-middle align-center\"  id=\"row-1972482417\">\n\n\t<div id=\"col-1723752805\" class=\"col medium-6 small-12 large-6\"  data-animate=\"fadeInRight\">\n\t\t\t\t<div class=\"col-inner text-center\"  >\n\t\t\t\n\t\t\t\n\t<div id=\"text-1741993547\" class=\"text\">\n\t\t\n<h1 class=\"no-margin\" style=\"line-height: 1;\"><span style=\"color: #ff008f;\"><strong>\u00bfC\u00f3mo lo hacemos?<\/strong><\/span><\/h1>\n<hr \/>\n<p class=\"no-margin\"><span style=\"font-size: 70%;\">\u00bfCu\u00e1les son los pasos a seguir?<\/span><\/p>\n\t\t\n<style>\n#text-1741993547 {\n  font-size: 2.1rem;\n  line-height: 1;\n}\n@media (min-width:550px) {\n  #text-1741993547 {\n    font-size: 2.05rem;\n  }\n}\n@media (min-width:850px) {\n  #text-1741993547 {\n    font-size: 3rem;\n  }\n}\n<\/style>\n\t<\/div>\n\t\n\t\t<\/div>\n\t\t\t\t\t<\/div>\n\n\t\n\n\t<div id=\"col-600391525\" class=\"col backdrop medium-6 small-12 large-6\"  data-animate=\"flipInY\">\n\t\t\t\t<div class=\"col-inner box-shadow-5 dark\" style=\"background-color:#00139b;\" >\n\t\t\t\n\t\t\t\n\t<div id=\"text-110098302\" class=\"text\">\n\t\t\n<p class=\"no-margin\">Reclutamos<\/p>\n<hr \/>\n<p class=\"no-margin\">Capacitamos<\/p>\n<hr \/>\n<p class=\"no-margin\">Entrenamos<\/p>\n<hr \/>\n<p class=\"no-margin\">Certificamos<\/p>\n\t\t\n<style>\n#text-110098302 {\n  font-size: 2.5rem;\n}\n<\/style>\n\t<\/div>\n\t\n\t\t<\/div>\n\t\t\t\t\n<style>\n#col-600391525 > .col-inner {\n  padding: 35px 35px 35px 35px;\n  margin: 0px 0px -140px 0px;\n  border-radius: 29px;\n}\n@media (min-width:550px) {\n  #col-600391525 > .col-inner {\n    margin: -160px 0px -200px 0px;\n  }\n}\n<\/style>\n\t<\/div>\n\n\t\n<\/div>\n\t\t<\/div>\n\n\t\t\n<style>\n#section_1609956773 {\n  padding-top: 60px;\n  padding-bottom: 60px;\n  min-height: 300px;\n  background-color: #00139b;\n}\n#section_1609956773 .section-bg-overlay {\n  background-color: rgb(255, 255, 255);\n}\n<\/style>\n\t<\/section>\n\t\n\n  <div class=\"banner has-hover has-parallax\" id=\"banner-274338997\">\n          <div class=\"banner-inner fill\">\n        <div class=\"banner-bg fill\" data-parallax=\"-4\" data-parallax-container=\".banner\" data-parallax-background>\n            <img loading=\"lazy\" decoding=\"async\" width=\"1600\" height=\"887\" src=\"https:\/\/foundationhtc.ong\/do\/wp-content\/uploads\/2024\/12\/htc-1-1.jpg\" class=\"bg attachment-original size-original\" alt=\"\" \/>                                    \n                    <\/div>\n\t\t\n        <div class=\"banner-layers container\">\n            <div class=\"fill banner-link\"><\/div>            \n   <div id=\"text-box-1411632594\" class=\"text-box banner-layer x50 md-x50 lg-x50 y50 md-y50 lg-y50 res-text\">\n                                <div class=\"text-box-content text dark\">\n              \n              <div class=\"text-inner text-center\">\n                  \n              <\/div>\n           <\/div>\n                            \n<style>\n#text-box-1411632594 {\n  width: 60%;\n}\n#text-box-1411632594 .text-box-content {\n  font-size: 100%;\n}\n@media (min-width:550px) {\n  #text-box-1411632594 {\n    width: 60%;\n  }\n}\n<\/style>\n    <\/div>\n \n        <\/div>\n      <\/div>\n\n            \n<style>\n#banner-274338997 {\n  padding-top: 500px;\n}\n<\/style>\n  <\/div>\n\n\n","protected":false},"excerpt":{"rendered":"","protected":false},"author":1,"featured_media":0,"parent":0,"menu_order":0,"comment_status":"closed","ping_status":"closed","template":"page-blank.php","meta":{"footnotes":""},"class_list":["post-3750","page","type-page","status-publish","hentry"],"_links":{"self":[{"href":"https:\/\/foundationhtc.ong\/do\/wp-json\/wp\/v2\/pages\/3750","targetHints":{"allow":["GET"]}}],"collection":[{"href":"https:\/\/foundationhtc.ong\/do\/wp-json\/wp\/v2\/pages"}],"about":[{"href":"https:\/\/foundationhtc.ong\/do\/wp-json\/wp\/v2\/types\/page"}],"author":[{"embeddable":true,"href":"https:\/\/foundationhtc.ong\/do\/wp-json\/wp\/v2\/users\/1"}],"replies":[{"embeddable":true,"href":"https:\/\/foundationhtc.ong\/do\/wp-json\/wp\/v2\/comments?post=3750"}],"version-history":[{"count":7,"href":"https:\/\/foundationhtc.ong\/do\/wp-json\/wp\/v2\/pages\/3750\/revisions"}],"predecessor-version":[{"id":5072,"href":"https:\/\/foundationhtc.ong\/do\/wp-json\/wp\/v2\/pages\/3750\/revisions\/5072"}],"wp:attachment":[{"href":"https:\/\/foundationhtc.ong\/do\/wp-json\/wp\/v2\/media?parent=3750"}],"curies":[{"name":"wp","href":"https:\/\/api.w.org\/{rel}","templated":true}]}}