{"id":4092,"date":"2022-09-17T17:30:50","date_gmt":"2022-09-17T21:30:50","guid":{"rendered":"http:\/\/foundhudsontrainingcenter.org\/?page_id=4092"},"modified":"2022-09-17T17:30:50","modified_gmt":"2022-09-17T21:30:50","slug":"cursos-gratis","status":"publish","type":"page","link":"https:\/\/foundationhtc.ong\/do\/cursos-gratis\/","title":{"rendered":"Cursos Gratis"},"content":{"rendered":"<p><img loading=\"lazy\" decoding=\"async\" width=\"800\" height=\"300\" src=\"http:\/\/foundhudsontrainingcenter.org\/wp-content\/uploads\/2022\/09\/students-found-htc03.jpg\" alt=\"students-found-htc03\" srcset=\"http:\/\/foundhudsontrainingcenter.org\/wp-content\/uploads\/2022\/09\/students-found-htc03.jpg 800w, http:\/\/foundhudsontrainingcenter.org\/wp-content\/uploads\/2022\/09\/students-found-htc03-300x113.jpg 300w, http:\/\/foundhudsontrainingcenter.org\/wp-content\/uploads\/2022\/09\/students-found-htc03-768x288.jpg 768w\" sizes=\"auto, (max-width: 800px) 100vw, 800px\" \/>\t\t\t\t\t\t\t\t\t\t\t\t\t<\/p>\n<h2>Lista de Espera Estudiantes<\/h2>\n<ul>\n<li>\n\t\t\t\t\t\t\t\t\t\t<b>Inscripciones llenas!!!<\/b>, gracias por tu inter\u00e9s en nuestro servicios.\n\t\t\t\t\t\t\t\t\t<\/li>\n<\/ul>\n<h2>M\u00e1s adelante aperturaremos m\u00e1s cupos para seguir brindando apoyo a nuestra comunidad.<\/h2>\n<p><b>CURSOS 100% GRATIS!!!<\/b> Toma ventaja y se uno de los primeros estudiantes en inscribirte a nuestra lista de <b>curso totalmente gratis <\/b>y con profesionales altamente capacitados; m\u00e1s certificado de aprobaci\u00f3n.&nbsp;<\/p>\n<p><b style=\"color: var( --e-global-color-primary ); font-family: var(--global-body-font-family);\">Llena este formulario y nos pondremos en contacto contigo.<\/b><\/p>\n<form data-form_id=\"8\" id=\"fluentform_8\" data-form_instance=\"ff_form_instance_8_1\" method=\"POST\" >\n<fieldset  style=\"border: none!important;margin: 0!important;padding: 0!important;background-color: transparent!important;box-shadow: none!important;outline: none!important; min-inline-size: 100%;\">\n<legend style=\"display: block; margin: 0!important;padding: 0!important;height: 0!important;text-indent: -999999px;width: 0!important;overflow:hidden;\">Lista Espera Estudiantes RD (ID8)<\/legend>\n<p><input type='hidden' name='__fluent_form_embded_post_id' value='4092' \/><input type=\"hidden\" id=\"_fluentform_8_fluentformnonce\" name=\"_fluentform_8_fluentformnonce\" value=\"5787ea7666\" \/><input type=\"hidden\" name=\"_wp_http_referer\" value=\"\/wp-admin\/admin-ajax.php\" \/><label for='ff_8_names_first_name_' aria-label=\"Nombre\">Nombre<\/label><input type=\"text\" name=\"names[first_name]\" id=\"ff_8_names_first_name_\" placeholder=\"Nombre\" aria-invalid=\"false\" aria-required=true><label for='ff_8_names_last_name_' aria-label=\"Apellido (s)\">Apellido (s)<\/label><input type=\"text\" name=\"names[last_name]\" id=\"ff_8_names_last_name_\" placeholder=\"Apellido (s)\" aria-invalid=\"false\" aria-required=true><label for='ff_8_input_text' aria-label=\"Direcci\u00f3n\">Direcci\u00f3n<\/label><input type=\"text\" name=\"input_text\" placeholder=\"Calle y No. de Casa\/Apto.\" data-name=\"input_text\" id=\"ff_8_input_text\"  aria-invalid=\"false\" aria-required=true><label for='ff_8_input_text_1' aria-label=\"Ciudad\">Ciudad<\/label><input type=\"text\" name=\"input_text_1\" placeholder=\"Nombre de la ciudad\" data-name=\"input_text_1\" id=\"ff_8_input_text_1\"  aria-invalid=\"false\" aria-required=true><label for='ff_8_dropdown' aria-label=\"Provincia\">Provincia<\/label><select name=\"dropdown\" id=\"ff_8_dropdown\" data-name=\"dropdown\" data-calc_value=\"0\"  aria-invalid=\"false\" aria-required=true><option value=\"\">&#8211; Seleccionar Provincia &#8211;<\/option><option value=\"Santo Domingo\"  >Santo Domingo<\/option><option value=\"Distrito Nacional\"  >Distrito Nacional<\/option><option value=\"Santiago\"  >Santiago<\/option><option value=\"San Crist\u00f3bal\"  >San Crist\u00f3bal<\/option><option value=\"La Vega\"  >La Vega<\/option><option value=\"Puerto Plata\"  >Puerto Plata<\/option><option value=\"San Pedro de Macor\u00eds\"  >San Pedro de Macor\u00eds<\/option><option value=\"Duarte\"  >Duarte<\/option><option value=\"La Altagracia\"  >La Altagracia<\/option><option value=\"La Romana\"  >La Romana<\/option><option value=\"San Juan\"  >San Juan<\/option><option value=\"Espaillat\"  >Espaillat<\/option><option value=\"Azua\"  >Azua<\/option><option value=\"Barahona\"  >Barahona<\/option><option value=\"Monte Plata\"  >Monte Plata<\/option><option value=\"Peravia\"  >Peravia<\/option><option value=\"Monse\u00f1or Nouel\"  >Monse\u00f1or Nouel<\/option><option value=\"Valverde\"  >Valverde<\/option><option value=\"S\u00e1nchez Ram\u00edrez\"  >S\u00e1nchez Ram\u00edrez<\/option><option value=\"Mar\u00eda Trinidad S\u00e1nchez\"  >Mar\u00eda Trinidad S\u00e1nchez<\/option><option value=\"Montecristi\"  >Montecristi<\/option><option value=\"Saman\u00e1\"  >Saman\u00e1<\/option><option value=\"Bahoruco\"  >Bahoruco<\/option><option value=\"Hermanas Mirabal\"  >Hermanas Mirabal<\/option><option value=\"El Seibo\"  >El Seibo<\/option><option value=\"Hato Mayor\"  >Hato Mayor<\/option><option value=\"Dajab\u00f3n\"  >Dajab\u00f3n<\/option><option value=\"El\u00edas Pi\u00f1a\"  >El\u00edas Pi\u00f1a<\/option><option value=\"San Jos\u00e9 de Ocoa\"  >San Jos\u00e9 de Ocoa<\/option><option value=\"Santiago Rodr\u00edguez\"  >Santiago Rodr\u00edguez<\/option><option value=\"Independencia\"  >Independencia<\/option><option value=\"Pedernales\"  >Pedernales<\/option><\/select><label for='ff_8_input_mask' aria-label=\"Telefono\">Telefono<\/label><input type=\"text\" name=\"input_mask\" data-mask=\"(000) 000-0000\" placeholder=\"(000) 000-0000 \" data-name=\"input_mask\" id=\"ff_8_input_mask\"  aria-invalid=\"false\" aria-required=true><label for='ff_8_email' aria-label=\"Correo electr\u00f3nico\">Correo electr\u00f3nico<\/label><input type=\"email\" name=\"email\" id=\"ff_8_email\" placeholder=\"Su correo electronico\" data-name=\"email\"  aria-invalid=\"false\" aria-required=true><label for='ff_8_input_mask_1' aria-label=\"Fecha Nacimiento\">Fecha Nacimiento<\/label><input type=\"text\" name=\"input_mask_1\" data-mask=\"00\/00\/0000\" placeholder=\"D\u00eda \/ Mes \/ A\u00f1o\" data-name=\"input_mask_1\" id=\"ff_8_input_mask_1\"  aria-invalid=\"false\" aria-required=true><label  aria-label=\"Sexo\">Sexo<\/label><label class='ff-el-form-check-label' for=input_radio_21f643f8ea6753e1e59c32e1fcb77277><input  type=\"radio\" name=\"input_radio\" data-name=\"input_radio\" value=\"Masculino\"  id='input_radio_21f643f8ea6753e1e59c32e1fcb77277' aria-label='Masculino' aria-invalid='false' aria-required=false> Masculino<\/label><label class='ff-el-form-check-label' for=input_radio_753bad0713afdd6e8519718499ccc91c><input  type=\"radio\" name=\"input_radio\" data-name=\"input_radio\" value=\"Femenino\"  id='input_radio_753bad0713afdd6e8519718499ccc91c' aria-label='Femenino' aria-invalid='false' aria-required=false> Femenino<\/label><label class='ff-el-form-check-label' for=input_radio_814a81b2b6dbccb07f012c102c124f4e><input  type=\"radio\" name=\"input_radio\" data-name=\"input_radio\" value=\"Prefiero no decir\"  id='input_radio_814a81b2b6dbccb07f012c102c124f4e' aria-label='Prefiero no decir' aria-invalid='false' aria-required=false> Prefiero no decir<\/label><label for='ff_8_dropdown_1' aria-label=\"Curso que me gustar\u00eda inscribirme\">Curso que me gustar\u00eda inscribirme<\/label><select name=\"dropdown_1\" id=\"ff_8_dropdown_1\" data-name=\"dropdown_1\" data-calc_value=\"0\"  aria-invalid=\"false\" aria-required=true><option value=\"\">&#8211; Seleccionar Curso &#8211;<\/option><option value=\"English \"  >English<\/option><option value=\"Productos Qu\u00edmicos\"  >Productos Qu\u00edmicos<\/option><option value=\"Contabilidad Computarizada\"  >Contabilidad Computarizada<\/option><option value=\"U\u00f1as Acrilica\"  >U\u00f1as Acrilica<\/option><option value=\"Maquillajes\"  >Maquillajes<\/option><option value=\"Autocad para Agrimensores\"  >Autocad para Agrimensores<\/option><option value=\"Belleza, Corte y Peinado\"  >Belleza, Corte y Peinado<\/option><option value=\"Informatica\"  >Informatica<\/option><\/select><button type=\"submit\" >Inscribirme en la lista<\/button><\/fieldset>\n<\/form>\n","protected":false},"excerpt":{"rendered":"<p>Lista de Espera Estudiantes Inscripciones llenas!!!, gracias por tu inter\u00e9s en nuestro servicios. M\u00e1s adelante aperturaremos m\u00e1s cupos para seguir brindando apoyo a nuestra comunidad. CURSOS 100% GRATIS!!! Toma ventaja y se uno de los primeros estudiantes en inscribirte a nuestra lista de curso totalmente gratis y con profesionales altamente capacitados; m\u00e1s certificado de aprobaci\u00f3n.&nbsp; [&#8230;]\n","protected":false},"author":1,"featured_media":0,"parent":0,"menu_order":0,"comment_status":"closed","ping_status":"closed","template":"","meta":{"footnotes":""},"class_list":["post-4092","page","type-page","status-publish","hentry"],"_links":{"self":[{"href":"https:\/\/foundationhtc.ong\/do\/wp-json\/wp\/v2\/pages\/4092","targetHints":{"allow":["GET"]}}],"collection":[{"href":"https:\/\/foundationhtc.ong\/do\/wp-json\/wp\/v2\/pages"}],"about":[{"href":"https:\/\/foundationhtc.ong\/do\/wp-json\/wp\/v2\/types\/page"}],"author":[{"embeddable":true,"href":"https:\/\/foundationhtc.ong\/do\/wp-json\/wp\/v2\/users\/1"}],"replies":[{"embeddable":true,"href":"https:\/\/foundationhtc.ong\/do\/wp-json\/wp\/v2\/comments?post=4092"}],"version-history":[{"count":0,"href":"https:\/\/foundationhtc.ong\/do\/wp-json\/wp\/v2\/pages\/4092\/revisions"}],"wp:attachment":[{"href":"https:\/\/foundationhtc.ong\/do\/wp-json\/wp\/v2\/media?parent=4092"}],"curies":[{"name":"wp","href":"https:\/\/api.w.org\/{rel}","templated":true}]}}