{"id":4705,"date":"2024-04-10T20:08:26","date_gmt":"2024-04-11T00:08:26","guid":{"rendered":"http:\/\/foundhudsontrainingcenter.org\/?page_id=4705"},"modified":"2024-04-10T20:08:26","modified_gmt":"2024-04-11T00:08:26","slug":"formulario-deposito-a-empresa","status":"publish","type":"page","link":"https:\/\/foundationhtc.ong\/do\/formulario-deposito-a-empresa\/","title":{"rendered":"Formulario deposito a Empresa"},"content":{"rendered":"<p><img loading=\"lazy\" decoding=\"async\" width=\"1024\" height=\"562\" src=\"http:\/\/foundhudsontrainingcenter.org\/wp-content\/uploads\/2024\/04\/Deposito_empresa_Found_HTC-1024x562.png\" alt=\"Deposito_empresa_Found_HTC\" srcset=\"http:\/\/foundhudsontrainingcenter.org\/wp-content\/uploads\/2024\/04\/Deposito_empresa_Found_HTC-1024x562.png 1024w, http:\/\/foundhudsontrainingcenter.org\/wp-content\/uploads\/2024\/04\/Deposito_empresa_Found_HTC-300x165.png 300w, http:\/\/foundhudsontrainingcenter.org\/wp-content\/uploads\/2024\/04\/Deposito_empresa_Found_HTC-768x421.png 768w, http:\/\/foundhudsontrainingcenter.org\/wp-content\/uploads\/2024\/04\/Deposito_empresa_Found_HTC-1536x842.png 1536w, http:\/\/foundhudsontrainingcenter.org\/wp-content\/uploads\/2024\/04\/Deposito_empresa_Found_HTC-2048x1123.png 2048w\" sizes=\"auto, (max-width: 1024px) 100vw, 1024px\" \/>\t\t\t\t\t\t\t\t\t\t\t\t\t<\/p>\n<h2>Informaci\u00f3n para transferencia y pagos a Empresa<\/h2>\n<form data-form_id=\"9\" id=\"fluentform_9\" data-form_instance=\"ff_form_instance_9_1\" method=\"POST\" >\n<fieldset  style=\"border: none!important;margin: 0!important;padding: 0!important;background-color: transparent!important;box-shadow: none!important;outline: none!important; min-inline-size: 100%;\">\n<legend style=\"display: block; margin: 0!important;padding: 0!important;height: 0!important;text-indent: -999999px;width: 0!important;overflow:hidden;\">Deposito a Empresa Banco RD(ID7) (#9)<\/legend>\n<p><input type='hidden' name='__fluent_form_embded_post_id' value='4705' \/><input type=\"hidden\" id=\"_fluentform_9_fluentformnonce\" name=\"_fluentform_9_fluentformnonce\" value=\"e09be381bb\" \/><input type=\"hidden\" name=\"_wp_http_referer\" value=\"\/wp-admin\/admin-ajax.php\" \/><label for='ff_9_input_text' aria-label=\"Nombre de la Empresa\">Nombre de la Empresa<\/label><input type=\"text\" name=\"input_text\" data-name=\"input_text\" id=\"ff_9_input_text\"  aria-invalid=\"false\" aria-required=true><label for='ff_9_input_mask' aria-label=\"RNC\">RNC<\/label><input type=\"text\" name=\"input_mask\" data-mask=\"000-00000-0\" data-name=\"input_mask\" id=\"ff_9_input_mask\"  aria-invalid=\"false\" aria-required=true><label for='ff_9_dropdown' aria-label=\"Nombre de su Banco\">Nombre de su Banco<\/label><select name=\"dropdown\" id=\"ff_9_dropdown\" data-name=\"dropdown\" data-calc_value=\"0\"  aria-invalid=\"false\" aria-required=true><option value=\"\">&#8211; Elija su Banco &#8211;<\/option><option value=\"Banco Popular Dominicano\"  >Banco Popular Dominicano<\/option><option value=\"Banco de Reserva\"  >Banco de Reserva<\/option><option value=\"Banco BHD Le\u00f3n\"  >Banco BHD Le\u00f3n<\/option><option value=\"Banco Vimenca\"  >Banco Vimenca<\/option><option value=\"Banco Santa Cruz\"  >Banco Santa Cruz<\/option><option value=\"Banco Caribe\"  >Banco Caribe<\/option><option value=\"Banco BDI\"  >Banco BDI<\/option><option value=\"Banco L\u00f3pez de Haro\"  >Banco L\u00f3pez de Haro<\/option><option value=\"Banco Ademi\"  >Banco Ademi<\/option><option value=\"Banco BELLBANK\"  >Banco BELLBANK<\/option><option value=\"Banco M\u00faltiple Activo Dominicana\"  >Banco M\u00faltiple Activo Dominicana<\/option><option value=\"Banco JMJ\"  >Banco JMJ<\/option><\/select><label for='ff_9_numeric-field' aria-label=\"No. de la Cuenta Corriente\">No. de la Cuenta Corriente<\/label><input type=\"number\" name=\"numeric-field\" id=\"ff_9_numeric-field\" data-name=\"numeric-field\" inputmode=\"numeric\" step=\"any\"  aria-invalid=\"false\" aria-required=true><\/p>\n<p><strong>Persona de Contacto<\/strong>:<\/p>\n<p><label for='ff_9_names_first_name_' aria-label=\"Nombres\">Nombres<\/label><input type=\"text\" name=\"names[first_name]\" id=\"ff_9_names_first_name_\" aria-invalid=\"false\" aria-required=true><label for='ff_9_names_last_name_' aria-label=\"Apellidos\">Apellidos<\/label><input type=\"text\" name=\"names[last_name]\" id=\"ff_9_names_last_name_\" aria-invalid=\"false\" aria-required=true><label for='ff_9_input_mask_1' aria-label=\"Telefono\">Telefono<\/label><input type=\"text\" name=\"input_mask_1\" data-mask=\"(000) 000-0000\" data-name=\"input_mask_1\" id=\"ff_9_input_mask_1\"  aria-invalid=\"false\" aria-required=true><button type=\"submit\" >Enviar Formulario<\/button><\/fieldset>\n<\/form>\n","protected":false},"excerpt":{"rendered":"<p>Informaci\u00f3n para transferencia y pagos a Empresa Deposito a Empresa Banco RD(ID7) (#9) Nombre de la EmpresaRNCNombre de su Banco&#8211; Elija su Banco &#8211;Banco Popular DominicanoBanco de ReservaBanco BHD Le\u00f3nBanco VimencaBanco Santa CruzBanco CaribeBanco BDIBanco L\u00f3pez de HaroBanco AdemiBanco BELLBANKBanco M\u00faltiple Activo DominicanaBanco JMJNo. de la Cuenta Corriente Persona de Contacto: NombresApellidosTelefonoEnviar Formulario<\/p>\n","protected":false},"author":1,"featured_media":0,"parent":0,"menu_order":0,"comment_status":"closed","ping_status":"closed","template":"","meta":{"footnotes":""},"class_list":["post-4705","page","type-page","status-publish","hentry"],"_links":{"self":[{"href":"https:\/\/foundationhtc.ong\/do\/wp-json\/wp\/v2\/pages\/4705","targetHints":{"allow":["GET"]}}],"collection":[{"href":"https:\/\/foundationhtc.ong\/do\/wp-json\/wp\/v2\/pages"}],"about":[{"href":"https:\/\/foundationhtc.ong\/do\/wp-json\/wp\/v2\/types\/page"}],"author":[{"embeddable":true,"href":"https:\/\/foundationhtc.ong\/do\/wp-json\/wp\/v2\/users\/1"}],"replies":[{"embeddable":true,"href":"https:\/\/foundationhtc.ong\/do\/wp-json\/wp\/v2\/comments?post=4705"}],"version-history":[{"count":0,"href":"https:\/\/foundationhtc.ong\/do\/wp-json\/wp\/v2\/pages\/4705\/revisions"}],"wp:attachment":[{"href":"https:\/\/foundationhtc.ong\/do\/wp-json\/wp\/v2\/media?parent=4705"}],"curies":[{"name":"wp","href":"https:\/\/api.w.org\/{rel}","templated":true}]}}